{"id":12079,"date":"2023-06-14T07:47:48","date_gmt":"2023-06-14T07:47:48","guid":{"rendered":"https:\/\/demo.leizi.xyz\/?post_type=product&#038;p=12079"},"modified":"2023-06-14T07:50:36","modified_gmt":"2023-06-14T07:50:36","slug":"lorem-ipsum-dolor","status":"publish","type":"product","link":"https:\/\/meipackaging.com\/tr\/urun\/lorem-ipsum-dolor\/","title":{"rendered":"Lorem ipsum dolor"},"content":{"rendered":"<h2>Lorem ipsum dolor sit amet, consectetur adipiscing elit<\/h2>\n<p>Lorem ipsum dolor sit amet, consectetur adipiscing elit, sed do eiusmod tempor incididunt ut Labore ete magna aliqua. Quis<\/p>\n<p>Lorem ipsum dolor sit amet, consectetur adipiscing elit, sed do eiusmod tempor incididunt ut Labore ete magna aliqua. Quis Lorem ipsum dolor sit, adipiscing elit, sed eiusmod tempor incidudunt ut emek ve te magna aliqua. Quis Lorem ipsum dolor sit, adipiscing elit, sed eiusmod tempor incidudunt ut emek ve te magna aliqua. Quis<\/p>\n<p>Lorem ipsum dolor sit amet, consectetur adipiscing elit, sed do eiusmod tempor incididunt ut Labore ete magna aliqua. Quis Lorem ipsum dolor sit, adipiscing elit, sed eiusmod tempor incidudunt ut emek ve te magna aliqua. Quis<\/p>\n<p>Lorem ipsum dolor sit amet, consectetur adipiscing elit, sed do eiusmod tempor incididunt ut Labore ete magna aliqua. Quis<\/p>","protected":false},"excerpt":{"rendered":"<p>Lorem ipsum dolor sit amet, consectetur adipiscing elit, sed do eiusmod tempor incididunt ut Labore ete magna aliqua. Quis<\/p>\n<ul>\n<li>Lorem ipsum dolor sit amet, consectetur adipiscing elit<\/li>\n<li>Bed do eiusmod tempor incididunt ut Labore et<\/li>\n<li>Holore magna aliqua suis ipsum suspendisse ultrices<\/li>\n<li>Risus commodo viverra maecenas accumsan lacus<\/li>\n<li>Bir agna aliqua dipis&#039;in kolay kullan\u0131m\u0131<\/li>\n<li>Himod ge\u00e7ici olay ipsum ask\u0131ya alma laboratuvar\u0131<\/li>\n<\/ul>","protected":false},"featured_media":1592,"comment_status":"closed","ping_status":"closed","template":"","meta":{"site-sidebar-layout":"default","site-content-layout":"default","ast-site-content-layout":"","site-content-style":"default","site-sidebar-style":"default","ast-global-header-display":"","ast-banner-title-visibility":"","ast-main-header-display":"","ast-hfb-above-header-display":"","ast-hfb-below-header-display":"","ast-hfb-mobile-header-display":"","site-post-title":"","ast-breadcrumbs-content":"","ast-featured-img":"","footer-sml-layout":"","theme-transparent-header-meta":"default","adv-header-id-meta":"","stick-header-meta":"default","header-above-stick-meta":"","header-main-stick-meta":"","header-below-stick-meta":"","astra-migrate-meta-layouts":"default","ast-page-background-enabled":"default","ast-page-background-meta":{"desktop":{"background-color":"","background-image":"","background-repeat":"repeat","background-position":"center center","background-size":"auto","background-attachment":"scroll","background-type":"","background-media":"","overlay-type":"","overlay-color":"","overlay-opacity":"","overlay-gradient":""},"tablet":{"background-color":"","background-image":"","background-repeat":"repeat","background-position":"center center","background-size":"auto","background-attachment":"scroll","background-type":"","background-media":"","overlay-type":"","overlay-color":"","overlay-opacity":"","overlay-gradient":""},"mobile":{"background-color":"","background-image":"","background-repeat":"repeat","background-position":"center center","background-size":"auto","background-attachment":"scroll","background-type":"","background-media":"","overlay-type":"","overlay-color":"","overlay-opacity":"","overlay-gradient":""}},"ast-content-background-meta":{"desktop":{"background-color":"var(--ast-global-color-5)","background-image":"","background-repeat":"repeat","background-position":"center center","background-size":"auto","background-attachment":"scroll","background-type":"","background-media":"","overlay-type":"","overlay-color":"","overlay-opacity":"","overlay-gradient":""},"tablet":{"background-color":"var(--ast-global-color-5)","background-image":"","background-repeat":"repeat","background-position":"center center","background-size":"auto","background-attachment":"scroll","background-type":"","background-media":"","overlay-type":"","overlay-color":"","overlay-opacity":"","overlay-gradient":""},"mobile":{"background-color":"var(--ast-global-color-5)","background-image":"","background-repeat":"repeat","background-position":"center center","background-size":"auto","background-attachment":"scroll","background-type":"","background-media":"","overlay-type":"","overlay-color":"","overlay-opacity":"","overlay-gradient":""}}},"product_brand":[],"product_cat":[23],"product_tag":[],"class_list":{"0":"post-12079","1":"product","2":"type-product","3":"status-publish","4":"has-post-thumbnail","6":"product_cat-products","7":"product_shipping_class-free-shipping","8":"desktop-align-left","9":"tablet-align-left","10":"mobile-align-left","11":"ast-product-gallery-layout-horizontal-slider","12":"ast-product-tabs-layout-accordion","14":"first","15":"instock","16":"shipping-taxable","17":"purchasable","18":"product-type-simple"},"acf":[],"yoast_head":"<!-- This site is optimized with the Yoast SEO plugin v24.4 - https:\/\/yoast.com\/wordpress\/plugins\/seo\/ -->\n<title>Lorem ipsum dolor - Mei Packaging<\/title>\n<meta name=\"robots\" content=\"index, follow, max-snippet:-1, max-image-preview:large, max-video-preview:-1\" \/>\n<link rel=\"canonical\" href=\"https:\/\/meipackaging.com\/tr\/urun\/lorem-ipsum-dolor\/\" \/>\n<meta property=\"og:locale\" content=\"tr_TR\" \/>\n<meta property=\"og:type\" content=\"article\" \/>\n<meta property=\"og:title\" content=\"Lorem ipsum dolor - Mei Packaging\" \/>\n<meta property=\"og:description\" content=\"Lorem ipsum dolor sit amet, consectetur adipiscing elit, sed do eiusmod tempor incididunt ut labore ete magna aliqua. Quis   Lorem ipsum dolor sit amet, consectetur adipiscing elit  Bed do eiusmod tempor incididunt ut labore et  Holore magna aliqua suis ipsum suspendisse ultrices  Risus commodo viverra maecenas accumsan lacus  Bhiovel facilisisn sectetur a agna aliqua dipis  Himod tempor incididunt utis ipsum suspendis lab\" \/>\n<meta property=\"og:url\" content=\"https:\/\/meipackaging.com\/tr\/urun\/lorem-ipsum-dolor\/\" \/>\n<meta property=\"og:site_name\" content=\"Mei Packaging\" \/>\n<meta property=\"article:modified_time\" content=\"2023-06-14T07:50:36+00:00\" \/>\n<meta property=\"og:image\" content=\"https:\/\/meipackaging.com\/wp-content\/uploads\/2021\/02\/MTdetailProductSlider.jpg\" \/>\n\t<meta property=\"og:image:width\" content=\"650\" \/>\n\t<meta property=\"og:image:height\" content=\"451\" \/>\n\t<meta property=\"og:image:type\" content=\"image\/jpeg\" \/>\n<meta name=\"twitter:card\" content=\"summary_large_image\" \/>\n<meta name=\"twitter:label1\" content=\"Tahmini okuma s\u00fcresi\" \/>\n\t<meta name=\"twitter:data1\" content=\"1 dakika\" \/>\n<script type=\"application\/ld+json\" class=\"yoast-schema-graph\">{\"@context\":\"https:\/\/schema.org\",\"@graph\":[{\"@type\":\"WebPage\",\"@id\":\"https:\/\/meipackaging.com\/product\/lorem-ipsum-dolor\/\",\"url\":\"https:\/\/meipackaging.com\/product\/lorem-ipsum-dolor\/\",\"name\":\"Lorem ipsum dolor - Mei Packaging\",\"isPartOf\":{\"@id\":\"https:\/\/meipackaging.com\/#website\"},\"primaryImageOfPage\":{\"@id\":\"https:\/\/meipackaging.com\/product\/lorem-ipsum-dolor\/#primaryimage\"},\"image\":{\"@id\":\"https:\/\/meipackaging.com\/product\/lorem-ipsum-dolor\/#primaryimage\"},\"thumbnailUrl\":\"https:\/\/meipackaging.com\/wp-content\/uploads\/2021\/02\/MTdetailProductSlider.jpg\",\"datePublished\":\"2023-06-14T07:47:48+00:00\",\"dateModified\":\"2023-06-14T07:50:36+00:00\",\"breadcrumb\":{\"@id\":\"https:\/\/meipackaging.com\/product\/lorem-ipsum-dolor\/#breadcrumb\"},\"inLanguage\":\"tr\",\"potentialAction\":[{\"@type\":\"ReadAction\",\"target\":[\"https:\/\/meipackaging.com\/product\/lorem-ipsum-dolor\/\"]}]},{\"@type\":\"ImageObject\",\"inLanguage\":\"tr\",\"@id\":\"https:\/\/meipackaging.com\/product\/lorem-ipsum-dolor\/#primaryimage\",\"url\":\"https:\/\/meipackaging.com\/wp-content\/uploads\/2021\/02\/MTdetailProductSlider.jpg\",\"contentUrl\":\"https:\/\/meipackaging.com\/wp-content\/uploads\/2021\/02\/MTdetailProductSlider.jpg\",\"width\":650,\"height\":451},{\"@type\":\"BreadcrumbList\",\"@id\":\"https:\/\/meipackaging.com\/product\/lorem-ipsum-dolor\/#breadcrumb\",\"itemListElement\":[{\"@type\":\"ListItem\",\"position\":1,\"name\":\"Home\",\"item\":\"https:\/\/meipackaging.com\/\"},{\"@type\":\"ListItem\",\"position\":2,\"name\":\"Products\",\"item\":\"https:\/\/meipackaging.com\/shop\/\"},{\"@type\":\"ListItem\",\"position\":3,\"name\":\"Lorem ipsum dolor\"}]},{\"@type\":\"WebSite\",\"@id\":\"https:\/\/meipackaging.com\/#website\",\"url\":\"https:\/\/meipackaging.com\/\",\"name\":\"Mei Packaging\",\"description\":\"\",\"publisher\":{\"@id\":\"https:\/\/meipackaging.com\/#organization\"},\"potentialAction\":[{\"@type\":\"SearchAction\",\"target\":{\"@type\":\"EntryPoint\",\"urlTemplate\":\"https:\/\/meipackaging.com\/?s={search_term_string}\"},\"query-input\":{\"@type\":\"PropertyValueSpecification\",\"valueRequired\":true,\"valueName\":\"search_term_string\"}}],\"inLanguage\":\"tr\"},{\"@type\":\"Organization\",\"@id\":\"https:\/\/meipackaging.com\/#organization\",\"name\":\"Mei Packaging\",\"url\":\"https:\/\/meipackaging.com\/\",\"logo\":{\"@type\":\"ImageObject\",\"inLanguage\":\"tr\",\"@id\":\"https:\/\/meipackaging.com\/#\/schema\/logo\/image\/\",\"url\":\"https:\/\/meipackaging.com\/wp-content\/uploads\/2025\/02\/cropped-Mei-PACKAGING-logo.png\",\"contentUrl\":\"https:\/\/meipackaging.com\/wp-content\/uploads\/2025\/02\/cropped-Mei-PACKAGING-logo.png\",\"width\":1730,\"height\":642,\"caption\":\"Mei Packaging\"},\"image\":{\"@id\":\"https:\/\/meipackaging.com\/#\/schema\/logo\/image\/\"}}]}<\/script>\n<!-- \/ Yoast SEO plugin. -->","yoast_head_json":{"title":"Lorem ipsum dolor - Mei Packaging","robots":{"index":"index","follow":"follow","max-snippet":"max-snippet:-1","max-image-preview":"max-image-preview:large","max-video-preview":"max-video-preview:-1"},"canonical":"https:\/\/meipackaging.com\/tr\/urun\/lorem-ipsum-dolor\/","og_locale":"tr_TR","og_type":"article","og_title":"Lorem ipsum dolor - Mei Packaging","og_description":"Lorem ipsum dolor sit amet, consectetur adipiscing elit, sed do eiusmod tempor incididunt ut labore ete magna aliqua. Quis   Lorem ipsum dolor sit amet, consectetur adipiscing elit  Bed do eiusmod tempor incididunt ut labore et  Holore magna aliqua suis ipsum suspendisse ultrices  Risus commodo viverra maecenas accumsan lacus  Bhiovel facilisisn sectetur a agna aliqua dipis  Himod tempor incididunt utis ipsum suspendis lab","og_url":"https:\/\/meipackaging.com\/tr\/urun\/lorem-ipsum-dolor\/","og_site_name":"Mei Packaging","article_modified_time":"2023-06-14T07:50:36+00:00","og_image":[{"width":650,"height":451,"url":"https:\/\/meipackaging.com\/wp-content\/uploads\/2021\/02\/MTdetailProductSlider.jpg","type":"image\/jpeg"}],"twitter_card":"summary_large_image","twitter_misc":{"Tahmini okuma s\u00fcresi":"1 dakika"},"schema":{"@context":"https:\/\/schema.org","@graph":[{"@type":"WebPage","@id":"https:\/\/meipackaging.com\/product\/lorem-ipsum-dolor\/","url":"https:\/\/meipackaging.com\/product\/lorem-ipsum-dolor\/","name":"Lorem ipsum dolor - Mei Packaging","isPartOf":{"@id":"https:\/\/meipackaging.com\/#website"},"primaryImageOfPage":{"@id":"https:\/\/meipackaging.com\/product\/lorem-ipsum-dolor\/#primaryimage"},"image":{"@id":"https:\/\/meipackaging.com\/product\/lorem-ipsum-dolor\/#primaryimage"},"thumbnailUrl":"https:\/\/meipackaging.com\/wp-content\/uploads\/2021\/02\/MTdetailProductSlider.jpg","datePublished":"2023-06-14T07:47:48+00:00","dateModified":"2023-06-14T07:50:36+00:00","breadcrumb":{"@id":"https:\/\/meipackaging.com\/product\/lorem-ipsum-dolor\/#breadcrumb"},"inLanguage":"tr","potentialAction":[{"@type":"ReadAction","target":["https:\/\/meipackaging.com\/product\/lorem-ipsum-dolor\/"]}]},{"@type":"ImageObject","inLanguage":"tr","@id":"https:\/\/meipackaging.com\/product\/lorem-ipsum-dolor\/#primaryimage","url":"https:\/\/meipackaging.com\/wp-content\/uploads\/2021\/02\/MTdetailProductSlider.jpg","contentUrl":"https:\/\/meipackaging.com\/wp-content\/uploads\/2021\/02\/MTdetailProductSlider.jpg","width":650,"height":451},{"@type":"BreadcrumbList","@id":"https:\/\/meipackaging.com\/product\/lorem-ipsum-dolor\/#breadcrumb","itemListElement":[{"@type":"ListItem","position":1,"name":"Home","item":"https:\/\/meipackaging.com\/"},{"@type":"ListItem","position":2,"name":"Products","item":"https:\/\/meipackaging.com\/shop\/"},{"@type":"ListItem","position":3,"name":"Lorem ipsum dolor"}]},{"@type":"WebSite","@id":"https:\/\/meipackaging.com\/#website","url":"https:\/\/meipackaging.com\/","name":"Mei Paketleme","description":"","publisher":{"@id":"https:\/\/meipackaging.com\/#organization"},"potentialAction":[{"@type":"SearchAction","target":{"@type":"EntryPoint","urlTemplate":"https:\/\/meipackaging.com\/?s={search_term_string}"},"query-input":{"@type":"PropertyValueSpecification","valueRequired":true,"valueName":"search_term_string"}}],"inLanguage":"tr"},{"@type":"Organization","@id":"https:\/\/meipackaging.com\/#organization","name":"Mei Paketleme","url":"https:\/\/meipackaging.com\/","logo":{"@type":"ImageObject","inLanguage":"tr","@id":"https:\/\/meipackaging.com\/#\/schema\/logo\/image\/","url":"https:\/\/meipackaging.com\/wp-content\/uploads\/2025\/02\/cropped-Mei-PACKAGING-logo.png","contentUrl":"https:\/\/meipackaging.com\/wp-content\/uploads\/2025\/02\/cropped-Mei-PACKAGING-logo.png","width":1730,"height":642,"caption":"Mei Packaging"},"image":{"@id":"https:\/\/meipackaging.com\/#\/schema\/logo\/image\/"}}]}},"_links":{"self":[{"href":"https:\/\/meipackaging.com\/tr\/wp-json\/wp\/v2\/product\/12079","targetHints":{"allow":["GET"]}}],"collection":[{"href":"https:\/\/meipackaging.com\/tr\/wp-json\/wp\/v2\/product"}],"about":[{"href":"https:\/\/meipackaging.com\/tr\/wp-json\/wp\/v2\/types\/product"}],"replies":[{"embeddable":true,"href":"https:\/\/meipackaging.com\/tr\/wp-json\/wp\/v2\/comments?post=12079"}],"wp:featuredmedia":[{"embeddable":true,"href":"https:\/\/meipackaging.com\/tr\/wp-json\/wp\/v2\/media\/1592"}],"wp:attachment":[{"href":"https:\/\/meipackaging.com\/tr\/wp-json\/wp\/v2\/media?parent=12079"}],"wp:term":[{"taxonomy":"product_brand","embeddable":true,"href":"https:\/\/meipackaging.com\/tr\/wp-json\/wp\/v2\/product_brand?post=12079"},{"taxonomy":"product_cat","embeddable":true,"href":"https:\/\/meipackaging.com\/tr\/wp-json\/wp\/v2\/product_cat?post=12079"},{"taxonomy":"product_tag","embeddable":true,"href":"https:\/\/meipackaging.com\/tr\/wp-json\/wp\/v2\/product_tag?post=12079"}],"curies":[{"name":"wp","href":"https:\/\/api.w.org\/{rel}","templated":true}]}}