{"id":16708,"date":"2025-12-17T09:03:06","date_gmt":"2025-12-17T09:03:06","guid":{"rendered":"https:\/\/meipackaging.com\/?page_id=16708"},"modified":"2026-03-10T13:53:05","modified_gmt":"2026-03-10T13:53:05","slug":"posta-kutusu","status":"publish","type":"page","link":"https:\/\/meipackaging.com\/tr\/posta-kutusu\/","title":{"rendered":"POSTA KUTUSU"},"content":{"rendered":"","protected":false},"excerpt":{"rendered":"","protected":false},"author":1,"featured_media":0,"parent":0,"menu_order":0,"comment_status":"closed","ping_status":"closed","template":"product-category3.php","meta":{"site-sidebar-layout":"no-sidebar","site-content-layout":"page-builder","ast-site-content-layout":"full-width-container","site-content-style":"unboxed","site-sidebar-style":"unboxed","ast-global-header-display":"","ast-banner-title-visibility":"","ast-main-header-display":"","ast-hfb-above-header-display":"","ast-hfb-below-header-display":"","ast-hfb-mobile-header-display":"","site-post-title":"disabled","ast-breadcrumbs-content":"disabled","ast-featured-img":"disabled","footer-sml-layout":"","ast-disable-related-posts":"","theme-transparent-header-meta":"default","adv-header-id-meta":"","stick-header-meta":"default","header-above-stick-meta":"","header-main-stick-meta":"","header-below-stick-meta":"","astra-migrate-meta-layouts":"set","ast-page-background-enabled":"default","ast-page-background-meta":{"desktop":{"background-color":"","background-image":"","background-repeat":"repeat","background-position":"center center","background-size":"auto","background-attachment":"scroll","background-type":"","background-media":"","overlay-type":"","overlay-color":"","overlay-opacity":"","overlay-gradient":""},"tablet":{"background-color":"","background-image":"","background-repeat":"repeat","background-position":"center center","background-size":"auto","background-attachment":"scroll","background-type":"","background-media":"","overlay-type":"","overlay-color":"","overlay-opacity":"","overlay-gradient":""},"mobile":{"background-color":"","background-image":"","background-repeat":"repeat","background-position":"center center","background-size":"auto","background-attachment":"scroll","background-type":"","background-media":"","overlay-type":"","overlay-color":"","overlay-opacity":"","overlay-gradient":""}},"ast-content-background-meta":{"desktop":{"background-color":"var(--ast-global-color-5)","background-image":"","background-repeat":"repeat","background-position":"center center","background-size":"auto","background-attachment":"scroll","background-type":"","background-media":"","overlay-type":"","overlay-color":"","overlay-opacity":"","overlay-gradient":""},"tablet":{"background-color":"var(--ast-global-color-5)","background-image":"","background-repeat":"repeat","background-position":"center center","background-size":"auto","background-attachment":"scroll","background-type":"","background-media":"","overlay-type":"","overlay-color":"","overlay-opacity":"","overlay-gradient":""},"mobile":{"background-color":"var(--ast-global-color-5)","background-image":"","background-repeat":"repeat","background-position":"center center","background-size":"auto","background-attachment":"scroll","background-type":"","background-media":"","overlay-type":"","overlay-color":"","overlay-opacity":"","overlay-gradient":""}},"footnotes":""},"class_list":["post-16708","page","type-page","status-publish","hentry"],"acf":[],"yoast_head":"<!-- This site is optimized with the Yoast SEO plugin v24.4 - https:\/\/yoast.com\/wordpress\/plugins\/seo\/ -->\n<title>Custom Printed Mailer Box Manufacturer and Supplier in China<\/title>\n<meta name=\"description\" content=\"Mei Packaging professionally manufactures a variety of paper packaging boxes, cartons, and bags for cosmetics, wine, electronics, etc.\" \/>\n<meta name=\"robots\" content=\"index, follow, max-snippet:-1, max-image-preview:large, max-video-preview:-1\" \/>\n<link rel=\"canonical\" href=\"https:\/\/meipackaging.com\/tr\/posta-kutusu\/\" \/>\n<meta property=\"og:locale\" content=\"tr_TR\" \/>\n<meta property=\"og:type\" content=\"article\" \/>\n<meta property=\"og:title\" content=\"Custom Printed Mailer Box Manufacturer and Supplier in China\" \/>\n<meta property=\"og:description\" content=\"Mei Packaging professionally manufactures a variety of paper packaging boxes, cartons, and bags for cosmetics, wine, electronics, etc.\" \/>\n<meta property=\"og:url\" content=\"https:\/\/meipackaging.com\/tr\/posta-kutusu\/\" \/>\n<meta property=\"og:site_name\" content=\"Mei Packaging\" \/>\n<meta property=\"article:modified_time\" content=\"2026-03-10T13:53:05+00:00\" \/>\n<meta name=\"twitter:card\" content=\"summary_large_image\" \/>\n<script type=\"application\/ld+json\" class=\"yoast-schema-graph\">{\"@context\":\"https:\/\/schema.org\",\"@graph\":[{\"@type\":\"WebPage\",\"@id\":\"https:\/\/meipackaging.com\/mailer-box\/\",\"url\":\"https:\/\/meipackaging.com\/mailer-box\/\",\"name\":\"Custom Printed Mailer Box Manufacturer and Supplier in China\",\"isPartOf\":{\"@id\":\"https:\/\/meipackaging.com\/#website\"},\"datePublished\":\"2025-12-17T09:03:06+00:00\",\"dateModified\":\"2026-03-10T13:53:05+00:00\",\"description\":\"Mei Packaging professionally manufactures a variety of paper packaging boxes, cartons, and bags for cosmetics, wine, electronics, etc.\",\"breadcrumb\":{\"@id\":\"https:\/\/meipackaging.com\/mailer-box\/#breadcrumb\"},\"inLanguage\":\"tr\",\"potentialAction\":[{\"@type\":\"ReadAction\",\"target\":[\"https:\/\/meipackaging.com\/mailer-box\/\"]}]},{\"@type\":\"BreadcrumbList\",\"@id\":\"https:\/\/meipackaging.com\/mailer-box\/#breadcrumb\",\"itemListElement\":[{\"@type\":\"ListItem\",\"position\":1,\"name\":\"Home\",\"item\":\"https:\/\/meipackaging.com\/\"},{\"@type\":\"ListItem\",\"position\":2,\"name\":\"MAILER BOX\"}]},{\"@type\":\"WebSite\",\"@id\":\"https:\/\/meipackaging.com\/#website\",\"url\":\"https:\/\/meipackaging.com\/\",\"name\":\"Mei Packaging\",\"description\":\"\",\"publisher\":{\"@id\":\"https:\/\/meipackaging.com\/#organization\"},\"potentialAction\":[{\"@type\":\"SearchAction\",\"target\":{\"@type\":\"EntryPoint\",\"urlTemplate\":\"https:\/\/meipackaging.com\/?s={search_term_string}\"},\"query-input\":{\"@type\":\"PropertyValueSpecification\",\"valueRequired\":true,\"valueName\":\"search_term_string\"}}],\"inLanguage\":\"tr\"},{\"@type\":\"Organization\",\"@id\":\"https:\/\/meipackaging.com\/#organization\",\"name\":\"Mei Packaging\",\"url\":\"https:\/\/meipackaging.com\/\",\"logo\":{\"@type\":\"ImageObject\",\"inLanguage\":\"tr\",\"@id\":\"https:\/\/meipackaging.com\/#\/schema\/logo\/image\/\",\"url\":\"https:\/\/meipackaging.com\/wp-content\/uploads\/2025\/02\/cropped-Mei-PACKAGING-logo.png\",\"contentUrl\":\"https:\/\/meipackaging.com\/wp-content\/uploads\/2025\/02\/cropped-Mei-PACKAGING-logo.png\",\"width\":1730,\"height\":642,\"caption\":\"Mei Packaging\"},\"image\":{\"@id\":\"https:\/\/meipackaging.com\/#\/schema\/logo\/image\/\"}}]}<\/script>\n<!-- \/ Yoast SEO plugin. -->","yoast_head_json":{"title":"\u00c7in&#039;de \u00d6zel Bask\u0131l\u0131 Posta Kutusu \u00dcreticisi ve Tedarik\u00e7isi","description":"Mei Packaging, kozmetik, \u015farap, elektronik vb. \u00fcr\u00fcnler i\u00e7in \u00e7e\u015fitli ka\u011f\u0131t ambalaj kutular\u0131, kartonlar ve po\u015fetler \u00fcretmektedir.","robots":{"index":"index","follow":"follow","max-snippet":"max-snippet:-1","max-image-preview":"max-image-preview:large","max-video-preview":"max-video-preview:-1"},"canonical":"https:\/\/meipackaging.com\/tr\/posta-kutusu\/","og_locale":"tr_TR","og_type":"article","og_title":"Custom Printed Mailer Box Manufacturer and Supplier in China","og_description":"Mei Packaging professionally manufactures a variety of paper packaging boxes, cartons, and bags for cosmetics, wine, electronics, etc.","og_url":"https:\/\/meipackaging.com\/tr\/posta-kutusu\/","og_site_name":"Mei Packaging","article_modified_time":"2026-03-10T13:53:05+00:00","twitter_card":"summary_large_image","schema":{"@context":"https:\/\/schema.org","@graph":[{"@type":"WebPage","@id":"https:\/\/meipackaging.com\/mailer-box\/","url":"https:\/\/meipackaging.com\/mailer-box\/","name":"\u00c7in&#039;de \u00d6zel Bask\u0131l\u0131 Posta Kutusu \u00dcreticisi ve Tedarik\u00e7isi","isPartOf":{"@id":"https:\/\/meipackaging.com\/#website"},"datePublished":"2025-12-17T09:03:06+00:00","dateModified":"2026-03-10T13:53:05+00:00","description":"Mei Packaging, kozmetik, \u015farap, elektronik vb. \u00fcr\u00fcnler i\u00e7in \u00e7e\u015fitli ka\u011f\u0131t ambalaj kutular\u0131, kartonlar ve po\u015fetler \u00fcretmektedir.","breadcrumb":{"@id":"https:\/\/meipackaging.com\/mailer-box\/#breadcrumb"},"inLanguage":"tr","potentialAction":[{"@type":"ReadAction","target":["https:\/\/meipackaging.com\/mailer-box\/"]}]},{"@type":"BreadcrumbList","@id":"https:\/\/meipackaging.com\/mailer-box\/#breadcrumb","itemListElement":[{"@type":"ListItem","position":1,"name":"Home","item":"https:\/\/meipackaging.com\/"},{"@type":"ListItem","position":2,"name":"MAILER BOX"}]},{"@type":"WebSite","@id":"https:\/\/meipackaging.com\/#website","url":"https:\/\/meipackaging.com\/","name":"Mei Paketleme","description":"","publisher":{"@id":"https:\/\/meipackaging.com\/#organization"},"potentialAction":[{"@type":"SearchAction","target":{"@type":"EntryPoint","urlTemplate":"https:\/\/meipackaging.com\/?s={search_term_string}"},"query-input":{"@type":"PropertyValueSpecification","valueRequired":true,"valueName":"search_term_string"}}],"inLanguage":"tr"},{"@type":"Organization","@id":"https:\/\/meipackaging.com\/#organization","name":"Mei Paketleme","url":"https:\/\/meipackaging.com\/","logo":{"@type":"ImageObject","inLanguage":"tr","@id":"https:\/\/meipackaging.com\/#\/schema\/logo\/image\/","url":"https:\/\/meipackaging.com\/wp-content\/uploads\/2025\/02\/cropped-Mei-PACKAGING-logo.png","contentUrl":"https:\/\/meipackaging.com\/wp-content\/uploads\/2025\/02\/cropped-Mei-PACKAGING-logo.png","width":1730,"height":642,"caption":"Mei Packaging"},"image":{"@id":"https:\/\/meipackaging.com\/#\/schema\/logo\/image\/"}}]}},"_links":{"self":[{"href":"https:\/\/meipackaging.com\/tr\/wp-json\/wp\/v2\/pages\/16708","targetHints":{"allow":["GET"]}}],"collection":[{"href":"https:\/\/meipackaging.com\/tr\/wp-json\/wp\/v2\/pages"}],"about":[{"href":"https:\/\/meipackaging.com\/tr\/wp-json\/wp\/v2\/types\/page"}],"author":[{"embeddable":true,"href":"https:\/\/meipackaging.com\/tr\/wp-json\/wp\/v2\/users\/1"}],"replies":[{"embeddable":true,"href":"https:\/\/meipackaging.com\/tr\/wp-json\/wp\/v2\/comments?post=16708"}],"version-history":[{"count":38,"href":"https:\/\/meipackaging.com\/tr\/wp-json\/wp\/v2\/pages\/16708\/revisions"}],"predecessor-version":[{"id":16953,"href":"https:\/\/meipackaging.com\/tr\/wp-json\/wp\/v2\/pages\/16708\/revisions\/16953"}],"wp:attachment":[{"href":"https:\/\/meipackaging.com\/tr\/wp-json\/wp\/v2\/media?parent=16708"}],"curies":[{"name":"wp","href":"https:\/\/api.w.org\/{rel}","templated":true}]}}