{"id":14244,"date":"2024-05-23T12:32:46","date_gmt":"2024-05-23T12:32:46","guid":{"rendered":"https:\/\/meipackaging.com\/?page_id=14244"},"modified":"2025-01-21T02:34:38","modified_gmt":"2025-01-21T02:34:38","slug":"asili-etiket-ozel-ve-brosur-el-ilani-baskisi","status":"publish","type":"page","link":"https:\/\/meipackaging.com\/tr\/asili-etiket-ozel-ve-brosur-el-ilani-baskisi\/","title":{"rendered":"Ask\u0131l\u0131 Etiket \u00d6zel ve Bro\u015f\u00fcr El \u0130lan\u0131 Bask\u0131s\u0131"},"content":{"rendered":"","protected":false},"excerpt":{"rendered":"","protected":false},"author":1,"featured_media":0,"parent":0,"menu_order":0,"comment_status":"closed","ping_status":"closed","template":"product-details7.php","meta":{"site-sidebar-layout":"no-sidebar","site-content-layout":"page-builder","ast-site-content-layout":"full-width-container","site-content-style":"unboxed","site-sidebar-style":"unboxed","ast-global-header-display":"","ast-banner-title-visibility":"","ast-main-header-display":"","ast-hfb-above-header-display":"","ast-hfb-below-header-display":"","ast-hfb-mobile-header-display":"","site-post-title":"disabled","ast-breadcrumbs-content":"disabled","ast-featured-img":"disabled","footer-sml-layout":"","ast-disable-related-posts":"","theme-transparent-header-meta":"default","adv-header-id-meta":"","stick-header-meta":"default","header-above-stick-meta":"","header-main-stick-meta":"","header-below-stick-meta":"","astra-migrate-meta-layouts":"set","ast-page-background-enabled":"default","ast-page-background-meta":{"desktop":{"background-color":"","background-image":"","background-repeat":"repeat","background-position":"center center","background-size":"auto","background-attachment":"scroll","background-type":"","background-media":"","overlay-type":"","overlay-color":"","overlay-opacity":"","overlay-gradient":""},"tablet":{"background-color":"","background-image":"","background-repeat":"repeat","background-position":"center center","background-size":"auto","background-attachment":"scroll","background-type":"","background-media":"","overlay-type":"","overlay-color":"","overlay-opacity":"","overlay-gradient":""},"mobile":{"background-color":"","background-image":"","background-repeat":"repeat","background-position":"center center","background-size":"auto","background-attachment":"scroll","background-type":"","background-media":"","overlay-type":"","overlay-color":"","overlay-opacity":"","overlay-gradient":""}},"ast-content-background-meta":{"desktop":{"background-color":"var(--ast-global-color-5)","background-image":"","background-repeat":"repeat","background-position":"center center","background-size":"auto","background-attachment":"scroll","background-type":"","background-media":"","overlay-type":"","overlay-color":"","overlay-opacity":"","overlay-gradient":""},"tablet":{"background-color":"var(--ast-global-color-5)","background-image":"","background-repeat":"repeat","background-position":"center center","background-size":"auto","background-attachment":"scroll","background-type":"","background-media":"","overlay-type":"","overlay-color":"","overlay-opacity":"","overlay-gradient":""},"mobile":{"background-color":"var(--ast-global-color-5)","background-image":"","background-repeat":"repeat","background-position":"center center","background-size":"auto","background-attachment":"scroll","background-type":"","background-media":"","overlay-type":"","overlay-color":"","overlay-opacity":"","overlay-gradient":""}},"footnotes":""},"class_list":["post-14244","page","type-page","status-publish","hentry"],"acf":[],"yoast_head":"<!-- This site is optimized with the Yoast SEO plugin v24.4 - https:\/\/yoast.com\/wordpress\/plugins\/seo\/ -->\n<title>Hang Tags, Brochures, and Flyers Printing Manufacturer in China<\/title>\n<meta name=\"description\" content=\"Meipak professional print hang tags, brochures, flyers, advertising label drop, leaflets solutions and instructions guide for every industry.\" \/>\n<meta name=\"robots\" content=\"index, follow, max-snippet:-1, max-image-preview:large, max-video-preview:-1\" \/>\n<link rel=\"canonical\" href=\"https:\/\/meipackaging.com\/tr\/asili-etiket-ozel-ve-brosur-el-ilani-baskisi\/\" \/>\n<meta property=\"og:locale\" content=\"tr_TR\" \/>\n<meta property=\"og:type\" content=\"article\" \/>\n<meta property=\"og:title\" content=\"Hang Tags, Brochures, and Flyers Printing Manufacturer in China\" \/>\n<meta property=\"og:description\" content=\"Meipak professional print hang tags, brochures, flyers, advertising label drop, leaflets solutions and instructions guide for every industry.\" \/>\n<meta property=\"og:url\" content=\"https:\/\/meipackaging.com\/tr\/asili-etiket-ozel-ve-brosur-el-ilani-baskisi\/\" \/>\n<meta property=\"og:site_name\" content=\"Mei Packaging\" \/>\n<meta property=\"article:modified_time\" content=\"2025-01-21T02:34:38+00:00\" \/>\n<meta name=\"twitter:card\" content=\"summary_large_image\" \/>\n<script type=\"application\/ld+json\" class=\"yoast-schema-graph\">{\"@context\":\"https:\/\/schema.org\",\"@graph\":[{\"@type\":\"WebPage\",\"@id\":\"https:\/\/meipackaging.com\/hang-tag-custom-and-brochure-flyer-printing\/\",\"url\":\"https:\/\/meipackaging.com\/hang-tag-custom-and-brochure-flyer-printing\/\",\"name\":\"Hang Tags, Brochures, and Flyers Printing Manufacturer in China\",\"isPartOf\":{\"@id\":\"https:\/\/meipackaging.com\/#website\"},\"datePublished\":\"2024-05-23T12:32:46+00:00\",\"dateModified\":\"2025-01-21T02:34:38+00:00\",\"description\":\"Meipak professional print hang tags, brochures, flyers, advertising label drop, leaflets solutions and instructions guide for every industry.\",\"breadcrumb\":{\"@id\":\"https:\/\/meipackaging.com\/hang-tag-custom-and-brochure-flyer-printing\/#breadcrumb\"},\"inLanguage\":\"tr\",\"potentialAction\":[{\"@type\":\"ReadAction\",\"target\":[\"https:\/\/meipackaging.com\/hang-tag-custom-and-brochure-flyer-printing\/\"]}]},{\"@type\":\"BreadcrumbList\",\"@id\":\"https:\/\/meipackaging.com\/hang-tag-custom-and-brochure-flyer-printing\/#breadcrumb\",\"itemListElement\":[{\"@type\":\"ListItem\",\"position\":1,\"name\":\"Home\",\"item\":\"https:\/\/meipackaging.com\/\"},{\"@type\":\"ListItem\",\"position\":2,\"name\":\"Hang Tag Custom and Brochure Flyer Printing\"}]},{\"@type\":\"WebSite\",\"@id\":\"https:\/\/meipackaging.com\/#website\",\"url\":\"https:\/\/meipackaging.com\/\",\"name\":\"Mei Packaging\",\"description\":\"\",\"publisher\":{\"@id\":\"https:\/\/meipackaging.com\/#organization\"},\"potentialAction\":[{\"@type\":\"SearchAction\",\"target\":{\"@type\":\"EntryPoint\",\"urlTemplate\":\"https:\/\/meipackaging.com\/?s={search_term_string}\"},\"query-input\":{\"@type\":\"PropertyValueSpecification\",\"valueRequired\":true,\"valueName\":\"search_term_string\"}}],\"inLanguage\":\"tr\"},{\"@type\":\"Organization\",\"@id\":\"https:\/\/meipackaging.com\/#organization\",\"name\":\"Mei Packaging\",\"url\":\"https:\/\/meipackaging.com\/\",\"logo\":{\"@type\":\"ImageObject\",\"inLanguage\":\"tr\",\"@id\":\"https:\/\/meipackaging.com\/#\/schema\/logo\/image\/\",\"url\":\"https:\/\/meipackaging.com\/wp-content\/uploads\/2025\/02\/cropped-Mei-PACKAGING-logo.png\",\"contentUrl\":\"https:\/\/meipackaging.com\/wp-content\/uploads\/2025\/02\/cropped-Mei-PACKAGING-logo.png\",\"width\":1730,\"height\":642,\"caption\":\"Mei Packaging\"},\"image\":{\"@id\":\"https:\/\/meipackaging.com\/#\/schema\/logo\/image\/\"}}]}<\/script>\n<!-- \/ Yoast SEO plugin. -->","yoast_head_json":{"title":"\u00c7in&#039;de Ask\u0131l\u0131 Etiketler, Bro\u015f\u00fcrler ve El \u0130lanlar\u0131 Bask\u0131 \u00dcreticisi","description":"Meipak profesyonel bask\u0131 ask\u0131l\u0131 etiketler, bro\u015f\u00fcrler, el ilanlar\u0131, reklam etiketi damlalar\u0131, el ilanlar\u0131 \u00e7\u00f6z\u00fcmleri ve her sekt\u00f6re y\u00f6nelik kullan\u0131m k\u0131lavuzu.","robots":{"index":"index","follow":"follow","max-snippet":"max-snippet:-1","max-image-preview":"max-image-preview:large","max-video-preview":"max-video-preview:-1"},"canonical":"https:\/\/meipackaging.com\/tr\/asili-etiket-ozel-ve-brosur-el-ilani-baskisi\/","og_locale":"tr_TR","og_type":"article","og_title":"Hang Tags, Brochures, and Flyers Printing Manufacturer in China","og_description":"Meipak professional print hang tags, brochures, flyers, advertising label drop, leaflets solutions and instructions guide for every industry.","og_url":"https:\/\/meipackaging.com\/tr\/asili-etiket-ozel-ve-brosur-el-ilani-baskisi\/","og_site_name":"Mei Packaging","article_modified_time":"2025-01-21T02:34:38+00:00","twitter_card":"summary_large_image","schema":{"@context":"https:\/\/schema.org","@graph":[{"@type":"WebPage","@id":"https:\/\/meipackaging.com\/hang-tag-custom-and-brochure-flyer-printing\/","url":"https:\/\/meipackaging.com\/hang-tag-custom-and-brochure-flyer-printing\/","name":"\u00c7in&#039;de Ask\u0131l\u0131 Etiketler, Bro\u015f\u00fcrler ve El \u0130lanlar\u0131 Bask\u0131 \u00dcreticisi","isPartOf":{"@id":"https:\/\/meipackaging.com\/#website"},"datePublished":"2024-05-23T12:32:46+00:00","dateModified":"2025-01-21T02:34:38+00:00","description":"Meipak profesyonel bask\u0131 ask\u0131l\u0131 etiketler, bro\u015f\u00fcrler, el ilanlar\u0131, reklam etiketi damlalar\u0131, el ilanlar\u0131 \u00e7\u00f6z\u00fcmleri ve her sekt\u00f6re y\u00f6nelik kullan\u0131m k\u0131lavuzu.","breadcrumb":{"@id":"https:\/\/meipackaging.com\/hang-tag-custom-and-brochure-flyer-printing\/#breadcrumb"},"inLanguage":"tr","potentialAction":[{"@type":"ReadAction","target":["https:\/\/meipackaging.com\/hang-tag-custom-and-brochure-flyer-printing\/"]}]},{"@type":"BreadcrumbList","@id":"https:\/\/meipackaging.com\/hang-tag-custom-and-brochure-flyer-printing\/#breadcrumb","itemListElement":[{"@type":"ListItem","position":1,"name":"Home","item":"https:\/\/meipackaging.com\/"},{"@type":"ListItem","position":2,"name":"Hang Tag Custom and Brochure Flyer Printing"}]},{"@type":"WebSite","@id":"https:\/\/meipackaging.com\/#website","url":"https:\/\/meipackaging.com\/","name":"Mei Paketleme","description":"","publisher":{"@id":"https:\/\/meipackaging.com\/#organization"},"potentialAction":[{"@type":"SearchAction","target":{"@type":"EntryPoint","urlTemplate":"https:\/\/meipackaging.com\/?s={search_term_string}"},"query-input":{"@type":"PropertyValueSpecification","valueRequired":true,"valueName":"search_term_string"}}],"inLanguage":"tr"},{"@type":"Organization","@id":"https:\/\/meipackaging.com\/#organization","name":"Mei Paketleme","url":"https:\/\/meipackaging.com\/","logo":{"@type":"ImageObject","inLanguage":"tr","@id":"https:\/\/meipackaging.com\/#\/schema\/logo\/image\/","url":"https:\/\/meipackaging.com\/wp-content\/uploads\/2025\/02\/cropped-Mei-PACKAGING-logo.png","contentUrl":"https:\/\/meipackaging.com\/wp-content\/uploads\/2025\/02\/cropped-Mei-PACKAGING-logo.png","width":1730,"height":642,"caption":"Mei Packaging"},"image":{"@id":"https:\/\/meipackaging.com\/#\/schema\/logo\/image\/"}}]}},"_links":{"self":[{"href":"https:\/\/meipackaging.com\/tr\/wp-json\/wp\/v2\/pages\/14244","targetHints":{"allow":["GET"]}}],"collection":[{"href":"https:\/\/meipackaging.com\/tr\/wp-json\/wp\/v2\/pages"}],"about":[{"href":"https:\/\/meipackaging.com\/tr\/wp-json\/wp\/v2\/types\/page"}],"author":[{"embeddable":true,"href":"https:\/\/meipackaging.com\/tr\/wp-json\/wp\/v2\/users\/1"}],"replies":[{"embeddable":true,"href":"https:\/\/meipackaging.com\/tr\/wp-json\/wp\/v2\/comments?post=14244"}],"version-history":[{"count":29,"href":"https:\/\/meipackaging.com\/tr\/wp-json\/wp\/v2\/pages\/14244\/revisions"}],"predecessor-version":[{"id":15954,"href":"https:\/\/meipackaging.com\/tr\/wp-json\/wp\/v2\/pages\/14244\/revisions\/15954"}],"wp:attachment":[{"href":"https:\/\/meipackaging.com\/tr\/wp-json\/wp\/v2\/media?parent=14244"}],"curies":[{"name":"wp","href":"https:\/\/api.w.org\/{rel}","templated":true}]}}