{"id":13773,"date":"2024-03-12T08:47:01","date_gmt":"2024-03-12T08:47:01","guid":{"rendered":"https:\/\/meipackaging.com\/?page_id=13773"},"modified":"2025-01-21T03:40:19","modified_gmt":"2025-01-21T03:40:19","slug":"ozel-not-defterleri","status":"publish","type":"page","link":"https:\/\/meipackaging.com\/tr\/ozel-not-defterleri\/","title":{"rendered":"\u00d6zel Defterler"},"content":{"rendered":"","protected":false},"excerpt":{"rendered":"","protected":false},"author":1,"featured_media":0,"parent":0,"menu_order":0,"comment_status":"closed","ping_status":"closed","template":"product-category3.php","meta":{"site-sidebar-layout":"no-sidebar","site-content-layout":"page-builder","ast-site-content-layout":"full-width-container","site-content-style":"unboxed","site-sidebar-style":"unboxed","ast-global-header-display":"","ast-banner-title-visibility":"","ast-main-header-display":"","ast-hfb-above-header-display":"","ast-hfb-below-header-display":"","ast-hfb-mobile-header-display":"","site-post-title":"disabled","ast-breadcrumbs-content":"disabled","ast-featured-img":"disabled","footer-sml-layout":"","ast-disable-related-posts":"","theme-transparent-header-meta":"default","adv-header-id-meta":"","stick-header-meta":"default","header-above-stick-meta":"","header-main-stick-meta":"","header-below-stick-meta":"","astra-migrate-meta-layouts":"set","ast-page-background-enabled":"default","ast-page-background-meta":{"desktop":{"background-color":"","background-image":"","background-repeat":"repeat","background-position":"center center","background-size":"auto","background-attachment":"scroll","background-type":"","background-media":"","overlay-type":"","overlay-color":"","overlay-opacity":"","overlay-gradient":""},"tablet":{"background-color":"","background-image":"","background-repeat":"repeat","background-position":"center center","background-size":"auto","background-attachment":"scroll","background-type":"","background-media":"","overlay-type":"","overlay-color":"","overlay-opacity":"","overlay-gradient":""},"mobile":{"background-color":"","background-image":"","background-repeat":"repeat","background-position":"center center","background-size":"auto","background-attachment":"scroll","background-type":"","background-media":"","overlay-type":"","overlay-color":"","overlay-opacity":"","overlay-gradient":""}},"ast-content-background-meta":{"desktop":{"background-color":"var(--ast-global-color-5)","background-image":"","background-repeat":"repeat","background-position":"center center","background-size":"auto","background-attachment":"scroll","background-type":"","background-media":"","overlay-type":"","overlay-color":"","overlay-opacity":"","overlay-gradient":""},"tablet":{"background-color":"var(--ast-global-color-5)","background-image":"","background-repeat":"repeat","background-position":"center center","background-size":"auto","background-attachment":"scroll","background-type":"","background-media":"","overlay-type":"","overlay-color":"","overlay-opacity":"","overlay-gradient":""},"mobile":{"background-color":"var(--ast-global-color-5)","background-image":"","background-repeat":"repeat","background-position":"center center","background-size":"auto","background-attachment":"scroll","background-type":"","background-media":"","overlay-type":"","overlay-color":"","overlay-opacity":"","overlay-gradient":""}},"footnotes":""},"class_list":["post-13773","page","type-page","status-publish","hentry"],"acf":[],"yoast_head":"<!-- This site is optimized with the Yoast SEO plugin v24.4 - https:\/\/yoast.com\/wordpress\/plugins\/seo\/ -->\n<title>Hot-sale Notebooks Custom Manufacturer and Supplier in China<\/title>\n<meta name=\"description\" content=\"Meipak custom Travel Journal, Life Planner, To-do lists, and Expense Tracker notebooks with underlined\/blank\/dashed\/grid, or printed inner.\" \/>\n<meta name=\"robots\" content=\"index, follow, max-snippet:-1, max-image-preview:large, max-video-preview:-1\" \/>\n<link rel=\"canonical\" href=\"https:\/\/meipackaging.com\/tr\/ozel-not-defterleri\/\" \/>\n<meta property=\"og:locale\" content=\"tr_TR\" \/>\n<meta property=\"og:type\" content=\"article\" \/>\n<meta property=\"og:title\" content=\"Hot-sale Notebooks Custom Manufacturer and Supplier in China\" \/>\n<meta property=\"og:description\" content=\"Meipak custom Travel Journal, Life Planner, To-do lists, and Expense Tracker notebooks with underlined\/blank\/dashed\/grid, or printed inner.\" \/>\n<meta property=\"og:url\" content=\"https:\/\/meipackaging.com\/tr\/ozel-not-defterleri\/\" \/>\n<meta property=\"og:site_name\" content=\"Mei Packaging\" \/>\n<meta property=\"article:modified_time\" content=\"2025-01-21T03:40:19+00:00\" \/>\n<meta name=\"twitter:card\" content=\"summary_large_image\" \/>\n<script type=\"application\/ld+json\" class=\"yoast-schema-graph\">{\"@context\":\"https:\/\/schema.org\",\"@graph\":[{\"@type\":\"WebPage\",\"@id\":\"https:\/\/meipackaging.com\/custom-notebooks\/\",\"url\":\"https:\/\/meipackaging.com\/custom-notebooks\/\",\"name\":\"Hot-sale Notebooks Custom Manufacturer and Supplier in China\",\"isPartOf\":{\"@id\":\"https:\/\/meipackaging.com\/#website\"},\"datePublished\":\"2024-03-12T08:47:01+00:00\",\"dateModified\":\"2025-01-21T03:40:19+00:00\",\"description\":\"Meipak custom Travel Journal, Life Planner, To-do lists, and Expense Tracker notebooks with underlined\/blank\/dashed\/grid, or printed inner.\",\"breadcrumb\":{\"@id\":\"https:\/\/meipackaging.com\/custom-notebooks\/#breadcrumb\"},\"inLanguage\":\"tr\",\"potentialAction\":[{\"@type\":\"ReadAction\",\"target\":[\"https:\/\/meipackaging.com\/custom-notebooks\/\"]}]},{\"@type\":\"BreadcrumbList\",\"@id\":\"https:\/\/meipackaging.com\/custom-notebooks\/#breadcrumb\",\"itemListElement\":[{\"@type\":\"ListItem\",\"position\":1,\"name\":\"Home\",\"item\":\"https:\/\/meipackaging.com\/\"},{\"@type\":\"ListItem\",\"position\":2,\"name\":\"Custom Notebooks\"}]},{\"@type\":\"WebSite\",\"@id\":\"https:\/\/meipackaging.com\/#website\",\"url\":\"https:\/\/meipackaging.com\/\",\"name\":\"Mei Packaging\",\"description\":\"\",\"publisher\":{\"@id\":\"https:\/\/meipackaging.com\/#organization\"},\"potentialAction\":[{\"@type\":\"SearchAction\",\"target\":{\"@type\":\"EntryPoint\",\"urlTemplate\":\"https:\/\/meipackaging.com\/?s={search_term_string}\"},\"query-input\":{\"@type\":\"PropertyValueSpecification\",\"valueRequired\":true,\"valueName\":\"search_term_string\"}}],\"inLanguage\":\"tr\"},{\"@type\":\"Organization\",\"@id\":\"https:\/\/meipackaging.com\/#organization\",\"name\":\"Mei Packaging\",\"url\":\"https:\/\/meipackaging.com\/\",\"logo\":{\"@type\":\"ImageObject\",\"inLanguage\":\"tr\",\"@id\":\"https:\/\/meipackaging.com\/#\/schema\/logo\/image\/\",\"url\":\"https:\/\/meipackaging.com\/wp-content\/uploads\/2025\/02\/cropped-Mei-PACKAGING-logo.png\",\"contentUrl\":\"https:\/\/meipackaging.com\/wp-content\/uploads\/2025\/02\/cropped-Mei-PACKAGING-logo.png\",\"width\":1730,\"height\":642,\"caption\":\"Mei Packaging\"},\"image\":{\"@id\":\"https:\/\/meipackaging.com\/#\/schema\/logo\/image\/\"}}]}<\/script>\n<!-- \/ Yoast SEO plugin. -->","yoast_head_json":{"title":"S\u0131cak Sat\u0131\u015f Defterleri \u00d6zel \u00dcretici ve \u00c7in&#039;de Tedarik\u00e7i","description":"Meipak \u00f6zel Seyahat G\u00fcnl\u00fc\u011f\u00fc, Hayat Planlay\u0131c\u0131s\u0131, Yap\u0131lacaklar Listesi ve Gider Takip\u00e7isi not defterleri alt\u0131 \u00e7izili\/bo\u015f\/kesikli\/\u0131zgaral\u0131 veya bas\u0131l\u0131 i\u00e7 sayfalara sahiptir.","robots":{"index":"index","follow":"follow","max-snippet":"max-snippet:-1","max-image-preview":"max-image-preview:large","max-video-preview":"max-video-preview:-1"},"canonical":"https:\/\/meipackaging.com\/tr\/ozel-not-defterleri\/","og_locale":"tr_TR","og_type":"article","og_title":"Hot-sale Notebooks Custom Manufacturer and Supplier in China","og_description":"Meipak custom Travel Journal, Life Planner, To-do lists, and Expense Tracker notebooks with underlined\/blank\/dashed\/grid, or printed inner.","og_url":"https:\/\/meipackaging.com\/tr\/ozel-not-defterleri\/","og_site_name":"Mei Packaging","article_modified_time":"2025-01-21T03:40:19+00:00","twitter_card":"summary_large_image","schema":{"@context":"https:\/\/schema.org","@graph":[{"@type":"WebPage","@id":"https:\/\/meipackaging.com\/custom-notebooks\/","url":"https:\/\/meipackaging.com\/custom-notebooks\/","name":"S\u0131cak Sat\u0131\u015f Defterleri \u00d6zel \u00dcretici ve \u00c7in&#039;de Tedarik\u00e7i","isPartOf":{"@id":"https:\/\/meipackaging.com\/#website"},"datePublished":"2024-03-12T08:47:01+00:00","dateModified":"2025-01-21T03:40:19+00:00","description":"Meipak \u00f6zel Seyahat G\u00fcnl\u00fc\u011f\u00fc, Hayat Planlay\u0131c\u0131s\u0131, Yap\u0131lacaklar Listesi ve Gider Takip\u00e7isi not defterleri alt\u0131 \u00e7izili\/bo\u015f\/kesikli\/\u0131zgaral\u0131 veya bas\u0131l\u0131 i\u00e7 sayfalara sahiptir.","breadcrumb":{"@id":"https:\/\/meipackaging.com\/custom-notebooks\/#breadcrumb"},"inLanguage":"tr","potentialAction":[{"@type":"ReadAction","target":["https:\/\/meipackaging.com\/custom-notebooks\/"]}]},{"@type":"BreadcrumbList","@id":"https:\/\/meipackaging.com\/custom-notebooks\/#breadcrumb","itemListElement":[{"@type":"ListItem","position":1,"name":"Home","item":"https:\/\/meipackaging.com\/"},{"@type":"ListItem","position":2,"name":"Custom Notebooks"}]},{"@type":"WebSite","@id":"https:\/\/meipackaging.com\/#website","url":"https:\/\/meipackaging.com\/","name":"Mei Paketleme","description":"","publisher":{"@id":"https:\/\/meipackaging.com\/#organization"},"potentialAction":[{"@type":"SearchAction","target":{"@type":"EntryPoint","urlTemplate":"https:\/\/meipackaging.com\/?s={search_term_string}"},"query-input":{"@type":"PropertyValueSpecification","valueRequired":true,"valueName":"search_term_string"}}],"inLanguage":"tr"},{"@type":"Organization","@id":"https:\/\/meipackaging.com\/#organization","name":"Mei Paketleme","url":"https:\/\/meipackaging.com\/","logo":{"@type":"ImageObject","inLanguage":"tr","@id":"https:\/\/meipackaging.com\/#\/schema\/logo\/image\/","url":"https:\/\/meipackaging.com\/wp-content\/uploads\/2025\/02\/cropped-Mei-PACKAGING-logo.png","contentUrl":"https:\/\/meipackaging.com\/wp-content\/uploads\/2025\/02\/cropped-Mei-PACKAGING-logo.png","width":1730,"height":642,"caption":"Mei Packaging"},"image":{"@id":"https:\/\/meipackaging.com\/#\/schema\/logo\/image\/"}}]}},"_links":{"self":[{"href":"https:\/\/meipackaging.com\/tr\/wp-json\/wp\/v2\/pages\/13773","targetHints":{"allow":["GET"]}}],"collection":[{"href":"https:\/\/meipackaging.com\/tr\/wp-json\/wp\/v2\/pages"}],"about":[{"href":"https:\/\/meipackaging.com\/tr\/wp-json\/wp\/v2\/types\/page"}],"author":[{"embeddable":true,"href":"https:\/\/meipackaging.com\/tr\/wp-json\/wp\/v2\/users\/1"}],"replies":[{"embeddable":true,"href":"https:\/\/meipackaging.com\/tr\/wp-json\/wp\/v2\/comments?post=13773"}],"version-history":[{"count":54,"href":"https:\/\/meipackaging.com\/tr\/wp-json\/wp\/v2\/pages\/13773\/revisions"}],"predecessor-version":[{"id":15951,"href":"https:\/\/meipackaging.com\/tr\/wp-json\/wp\/v2\/pages\/13773\/revisions\/15951"}],"wp:attachment":[{"href":"https:\/\/meipackaging.com\/tr\/wp-json\/wp\/v2\/media?parent=13773"}],"curies":[{"name":"wp","href":"https:\/\/api.w.org\/{rel}","templated":true}]}}