{"id":14748,"date":"2024-09-14T02:42:26","date_gmt":"2024-09-14T02:42:26","guid":{"rendered":"https:\/\/meipackaging.com\/?page_id=14748"},"modified":"2025-02-26T07:16:57","modified_gmt":"2025-02-26T07:16:57","slug":"boite-demballage-de-vetements","status":"publish","type":"page","link":"https:\/\/meipackaging.com\/fr\/boite-demballage-de-vetements\/","title":{"rendered":"Bo\u00eete d&#039;emballage de v\u00eatements"},"content":{"rendered":"","protected":false},"excerpt":{"rendered":"","protected":false},"author":1,"featured_media":0,"parent":0,"menu_order":0,"comment_status":"closed","ping_status":"closed","template":"product-category3.php","meta":{"site-sidebar-layout":"no-sidebar","site-content-layout":"page-builder","ast-site-content-layout":"full-width-container","site-content-style":"unboxed","site-sidebar-style":"unboxed","ast-global-header-display":"","ast-banner-title-visibility":"","ast-main-header-display":"","ast-hfb-above-header-display":"","ast-hfb-below-header-display":"","ast-hfb-mobile-header-display":"","site-post-title":"disabled","ast-breadcrumbs-content":"disabled","ast-featured-img":"disabled","footer-sml-layout":"","ast-disable-related-posts":"","theme-transparent-header-meta":"default","adv-header-id-meta":"","stick-header-meta":"default","header-above-stick-meta":"","header-main-stick-meta":"","header-below-stick-meta":"","astra-migrate-meta-layouts":"set","ast-page-background-enabled":"default","ast-page-background-meta":{"desktop":{"background-color":"","background-image":"","background-repeat":"repeat","background-position":"center center","background-size":"auto","background-attachment":"scroll","background-type":"","background-media":"","overlay-type":"","overlay-color":"","overlay-opacity":"","overlay-gradient":""},"tablet":{"background-color":"","background-image":"","background-repeat":"repeat","background-position":"center center","background-size":"auto","background-attachment":"scroll","background-type":"","background-media":"","overlay-type":"","overlay-color":"","overlay-opacity":"","overlay-gradient":""},"mobile":{"background-color":"","background-image":"","background-repeat":"repeat","background-position":"center center","background-size":"auto","background-attachment":"scroll","background-type":"","background-media":"","overlay-type":"","overlay-color":"","overlay-opacity":"","overlay-gradient":""}},"ast-content-background-meta":{"desktop":{"background-color":"var(--ast-global-color-5)","background-image":"","background-repeat":"repeat","background-position":"center center","background-size":"auto","background-attachment":"scroll","background-type":"","background-media":"","overlay-type":"","overlay-color":"","overlay-opacity":"","overlay-gradient":""},"tablet":{"background-color":"var(--ast-global-color-5)","background-image":"","background-repeat":"repeat","background-position":"center center","background-size":"auto","background-attachment":"scroll","background-type":"","background-media":"","overlay-type":"","overlay-color":"","overlay-opacity":"","overlay-gradient":""},"mobile":{"background-color":"var(--ast-global-color-5)","background-image":"","background-repeat":"repeat","background-position":"center center","background-size":"auto","background-attachment":"scroll","background-type":"","background-media":"","overlay-type":"","overlay-color":"","overlay-opacity":"","overlay-gradient":""}},"footnotes":""},"class_list":["post-14748","page","type-page","status-publish","hentry"],"acf":[],"yoast_head":"<!-- This site is optimized with the Yoast SEO plugin v24.4 - https:\/\/yoast.com\/wordpress\/plugins\/seo\/ -->\n<title>Apparel &amp; Clothing Packaging Paper Box Manufacturer in China<\/title>\n<meta name=\"description\" content=\"Mei Packaging manufactures Apparel &amp; Fashion packages including clothes boxes, shawl boxes, scarves boxes, handbag boxes, suit boxes, etc.\" \/>\n<meta name=\"robots\" content=\"index, follow, max-snippet:-1, max-image-preview:large, max-video-preview:-1\" \/>\n<link rel=\"canonical\" href=\"https:\/\/meipackaging.com\/fr\/boite-demballage-de-vetements\/\" \/>\n<meta property=\"og:locale\" content=\"fr_FR\" \/>\n<meta property=\"og:type\" content=\"article\" \/>\n<meta property=\"og:title\" content=\"Apparel &amp; Clothing Packaging Paper Box Manufacturer in China\" \/>\n<meta property=\"og:description\" content=\"Mei Packaging manufactures Apparel &amp; Fashion packages including clothes boxes, shawl boxes, scarves boxes, handbag boxes, suit boxes, etc.\" \/>\n<meta property=\"og:url\" content=\"https:\/\/meipackaging.com\/fr\/boite-demballage-de-vetements\/\" \/>\n<meta property=\"og:site_name\" content=\"Mei Packaging\" \/>\n<meta property=\"article:modified_time\" content=\"2025-02-26T07:16:57+00:00\" \/>\n<meta name=\"twitter:card\" content=\"summary_large_image\" \/>\n<script type=\"application\/ld+json\" class=\"yoast-schema-graph\">{\"@context\":\"https:\/\/schema.org\",\"@graph\":[{\"@type\":\"WebPage\",\"@id\":\"https:\/\/meipackaging.com\/apparel-packaging-box\/\",\"url\":\"https:\/\/meipackaging.com\/apparel-packaging-box\/\",\"name\":\"Apparel & Clothing Packaging Paper Box Manufacturer in China\",\"isPartOf\":{\"@id\":\"https:\/\/meipackaging.com\/#website\"},\"datePublished\":\"2024-09-14T02:42:26+00:00\",\"dateModified\":\"2025-02-26T07:16:57+00:00\",\"description\":\"Mei Packaging manufactures Apparel & Fashion packages including clothes boxes, shawl boxes, scarves boxes, handbag boxes, suit boxes, etc.\",\"breadcrumb\":{\"@id\":\"https:\/\/meipackaging.com\/apparel-packaging-box\/#breadcrumb\"},\"inLanguage\":\"fr-FR\",\"potentialAction\":[{\"@type\":\"ReadAction\",\"target\":[\"https:\/\/meipackaging.com\/apparel-packaging-box\/\"]}]},{\"@type\":\"BreadcrumbList\",\"@id\":\"https:\/\/meipackaging.com\/apparel-packaging-box\/#breadcrumb\",\"itemListElement\":[{\"@type\":\"ListItem\",\"position\":1,\"name\":\"Home\",\"item\":\"https:\/\/meipackaging.com\/\"},{\"@type\":\"ListItem\",\"position\":2,\"name\":\"Apparel Packaging Box\"}]},{\"@type\":\"WebSite\",\"@id\":\"https:\/\/meipackaging.com\/#website\",\"url\":\"https:\/\/meipackaging.com\/\",\"name\":\"Mei Packaging\",\"description\":\"\",\"publisher\":{\"@id\":\"https:\/\/meipackaging.com\/#organization\"},\"potentialAction\":[{\"@type\":\"SearchAction\",\"target\":{\"@type\":\"EntryPoint\",\"urlTemplate\":\"https:\/\/meipackaging.com\/?s={search_term_string}\"},\"query-input\":{\"@type\":\"PropertyValueSpecification\",\"valueRequired\":true,\"valueName\":\"search_term_string\"}}],\"inLanguage\":\"fr-FR\"},{\"@type\":\"Organization\",\"@id\":\"https:\/\/meipackaging.com\/#organization\",\"name\":\"Mei Packaging\",\"url\":\"https:\/\/meipackaging.com\/\",\"logo\":{\"@type\":\"ImageObject\",\"inLanguage\":\"fr-FR\",\"@id\":\"https:\/\/meipackaging.com\/#\/schema\/logo\/image\/\",\"url\":\"https:\/\/meipackaging.com\/wp-content\/uploads\/2025\/02\/cropped-Mei-PACKAGING-logo.png\",\"contentUrl\":\"https:\/\/meipackaging.com\/wp-content\/uploads\/2025\/02\/cropped-Mei-PACKAGING-logo.png\",\"width\":1730,\"height\":642,\"caption\":\"Mei Packaging\"},\"image\":{\"@id\":\"https:\/\/meipackaging.com\/#\/schema\/logo\/image\/\"}}]}<\/script>\n<!-- \/ Yoast SEO plugin. -->","yoast_head_json":{"title":"Fabricant de bo\u00eetes en papier pour emballage de v\u00eatements et de v\u00eatements en Chine","description":"Mei Packaging fabrique des emballages pour v\u00eatements et mode, notamment des bo\u00eetes \u00e0 v\u00eatements, des bo\u00eetes \u00e0 ch\u00e2les, des bo\u00eetes \u00e0 foulards, des bo\u00eetes \u00e0 sacs \u00e0 main, des bo\u00eetes \u00e0 costumes, etc.","robots":{"index":"index","follow":"follow","max-snippet":"max-snippet:-1","max-image-preview":"max-image-preview:large","max-video-preview":"max-video-preview:-1"},"canonical":"https:\/\/meipackaging.com\/fr\/boite-demballage-de-vetements\/","og_locale":"fr_FR","og_type":"article","og_title":"Apparel & Clothing Packaging Paper Box Manufacturer in China","og_description":"Mei Packaging manufactures Apparel & Fashion packages including clothes boxes, shawl boxes, scarves boxes, handbag boxes, suit boxes, etc.","og_url":"https:\/\/meipackaging.com\/fr\/boite-demballage-de-vetements\/","og_site_name":"Mei Packaging","article_modified_time":"2025-02-26T07:16:57+00:00","twitter_card":"summary_large_image","schema":{"@context":"https:\/\/schema.org","@graph":[{"@type":"WebPage","@id":"https:\/\/meipackaging.com\/apparel-packaging-box\/","url":"https:\/\/meipackaging.com\/apparel-packaging-box\/","name":"Fabricant de bo\u00eetes en papier pour emballage de v\u00eatements et de v\u00eatements en Chine","isPartOf":{"@id":"https:\/\/meipackaging.com\/#website"},"datePublished":"2024-09-14T02:42:26+00:00","dateModified":"2025-02-26T07:16:57+00:00","description":"Mei Packaging fabrique des emballages pour v\u00eatements et mode, notamment des bo\u00eetes \u00e0 v\u00eatements, des bo\u00eetes \u00e0 ch\u00e2les, des bo\u00eetes \u00e0 foulards, des bo\u00eetes \u00e0 sacs \u00e0 main, des bo\u00eetes \u00e0 costumes, etc.","breadcrumb":{"@id":"https:\/\/meipackaging.com\/apparel-packaging-box\/#breadcrumb"},"inLanguage":"fr-FR","potentialAction":[{"@type":"ReadAction","target":["https:\/\/meipackaging.com\/apparel-packaging-box\/"]}]},{"@type":"BreadcrumbList","@id":"https:\/\/meipackaging.com\/apparel-packaging-box\/#breadcrumb","itemListElement":[{"@type":"ListItem","position":1,"name":"Home","item":"https:\/\/meipackaging.com\/"},{"@type":"ListItem","position":2,"name":"Apparel Packaging Box"}]},{"@type":"WebSite","@id":"https:\/\/meipackaging.com\/#website","url":"https:\/\/meipackaging.com\/","name":"Emballage Mei","description":"","publisher":{"@id":"https:\/\/meipackaging.com\/#organization"},"potentialAction":[{"@type":"SearchAction","target":{"@type":"EntryPoint","urlTemplate":"https:\/\/meipackaging.com\/?s={search_term_string}"},"query-input":{"@type":"PropertyValueSpecification","valueRequired":true,"valueName":"search_term_string"}}],"inLanguage":"fr-FR"},{"@type":"Organization","@id":"https:\/\/meipackaging.com\/#organization","name":"Emballage Mei","url":"https:\/\/meipackaging.com\/","logo":{"@type":"ImageObject","inLanguage":"fr-FR","@id":"https:\/\/meipackaging.com\/#\/schema\/logo\/image\/","url":"https:\/\/meipackaging.com\/wp-content\/uploads\/2025\/02\/cropped-Mei-PACKAGING-logo.png","contentUrl":"https:\/\/meipackaging.com\/wp-content\/uploads\/2025\/02\/cropped-Mei-PACKAGING-logo.png","width":1730,"height":642,"caption":"Mei Packaging"},"image":{"@id":"https:\/\/meipackaging.com\/#\/schema\/logo\/image\/"}}]}},"_links":{"self":[{"href":"https:\/\/meipackaging.com\/fr\/wp-json\/wp\/v2\/pages\/14748","targetHints":{"allow":["GET"]}}],"collection":[{"href":"https:\/\/meipackaging.com\/fr\/wp-json\/wp\/v2\/pages"}],"about":[{"href":"https:\/\/meipackaging.com\/fr\/wp-json\/wp\/v2\/types\/page"}],"author":[{"embeddable":true,"href":"https:\/\/meipackaging.com\/fr\/wp-json\/wp\/v2\/users\/1"}],"replies":[{"embeddable":true,"href":"https:\/\/meipackaging.com\/fr\/wp-json\/wp\/v2\/comments?post=14748"}],"version-history":[{"count":6,"href":"https:\/\/meipackaging.com\/fr\/wp-json\/wp\/v2\/pages\/14748\/revisions"}],"predecessor-version":[{"id":16154,"href":"https:\/\/meipackaging.com\/fr\/wp-json\/wp\/v2\/pages\/14748\/revisions\/16154"}],"wp:attachment":[{"href":"https:\/\/meipackaging.com\/fr\/wp-json\/wp\/v2\/media?parent=14748"}],"curies":[{"name":"wp","href":"https:\/\/api.w.org\/{rel}","templated":true}]}}