{"id":13465,"date":"2024-01-05T02:06:50","date_gmt":"2024-01-05T02:06:50","guid":{"rendered":"https:\/\/meipackaging.com\/?page_id=13465"},"modified":"2025-01-21T09:04:55","modified_gmt":"2025-01-21T09:04:55","slug":"boite-demballage-de-savon","status":"publish","type":"page","link":"https:\/\/meipackaging.com\/fr\/boite-demballage-de-savon\/","title":{"rendered":"Bo\u00eete d&#039;emballage de savon"},"content":{"rendered":"","protected":false},"excerpt":{"rendered":"","protected":false},"author":1,"featured_media":0,"parent":0,"menu_order":0,"comment_status":"closed","ping_status":"closed","template":"product-category3.php","meta":{"site-sidebar-layout":"no-sidebar","site-content-layout":"page-builder","ast-site-content-layout":"full-width-container","site-content-style":"unboxed","site-sidebar-style":"unboxed","ast-global-header-display":"","ast-banner-title-visibility":"","ast-main-header-display":"","ast-hfb-above-header-display":"","ast-hfb-below-header-display":"","ast-hfb-mobile-header-display":"","site-post-title":"disabled","ast-breadcrumbs-content":"disabled","ast-featured-img":"disabled","footer-sml-layout":"","ast-disable-related-posts":"","theme-transparent-header-meta":"default","adv-header-id-meta":"","stick-header-meta":"default","header-above-stick-meta":"","header-main-stick-meta":"","header-below-stick-meta":"","astra-migrate-meta-layouts":"set","ast-page-background-enabled":"default","ast-page-background-meta":{"desktop":{"background-color":"","background-image":"","background-repeat":"repeat","background-position":"center center","background-size":"auto","background-attachment":"scroll","background-type":"","background-media":"","overlay-type":"","overlay-color":"","overlay-opacity":"","overlay-gradient":""},"tablet":{"background-color":"","background-image":"","background-repeat":"repeat","background-position":"center center","background-size":"auto","background-attachment":"scroll","background-type":"","background-media":"","overlay-type":"","overlay-color":"","overlay-opacity":"","overlay-gradient":""},"mobile":{"background-color":"","background-image":"","background-repeat":"repeat","background-position":"center center","background-size":"auto","background-attachment":"scroll","background-type":"","background-media":"","overlay-type":"","overlay-color":"","overlay-opacity":"","overlay-gradient":""}},"ast-content-background-meta":{"desktop":{"background-color":"var(--ast-global-color-5)","background-image":"","background-repeat":"repeat","background-position":"center center","background-size":"auto","background-attachment":"scroll","background-type":"","background-media":"","overlay-type":"","overlay-color":"","overlay-opacity":"","overlay-gradient":""},"tablet":{"background-color":"var(--ast-global-color-5)","background-image":"","background-repeat":"repeat","background-position":"center center","background-size":"auto","background-attachment":"scroll","background-type":"","background-media":"","overlay-type":"","overlay-color":"","overlay-opacity":"","overlay-gradient":""},"mobile":{"background-color":"var(--ast-global-color-5)","background-image":"","background-repeat":"repeat","background-position":"center center","background-size":"auto","background-attachment":"scroll","background-type":"","background-media":"","overlay-type":"","overlay-color":"","overlay-opacity":"","overlay-gradient":""}},"footnotes":""},"class_list":["post-13465","page","type-page","status-publish","hentry"],"acf":[],"yoast_head":"<!-- This site is optimized with the Yoast SEO plugin v24.4 - https:\/\/yoast.com\/wordpress\/plugins\/seo\/ -->\n<title>Soap Paper Packaging Box Supplier and Manufacturer in China<\/title>\n<meta name=\"description\" content=\"Meipak manufactures soap box packaging like Rigid Boxes, Tubes, Corrugated Box, Paperboard Boxes, Delivery Cartons, Zipper Shipping Cartons.\" \/>\n<meta name=\"robots\" content=\"index, follow, max-snippet:-1, max-image-preview:large, max-video-preview:-1\" \/>\n<link rel=\"canonical\" href=\"https:\/\/meipackaging.com\/fr\/boite-demballage-de-savon\/\" \/>\n<meta property=\"og:locale\" content=\"fr_FR\" \/>\n<meta property=\"og:type\" content=\"article\" \/>\n<meta property=\"og:title\" content=\"Soap Paper Packaging Box Supplier and Manufacturer in China\" \/>\n<meta property=\"og:description\" content=\"Meipak manufactures soap box packaging like Rigid Boxes, Tubes, Corrugated Box, Paperboard Boxes, Delivery Cartons, Zipper Shipping Cartons.\" \/>\n<meta property=\"og:url\" content=\"https:\/\/meipackaging.com\/fr\/boite-demballage-de-savon\/\" \/>\n<meta property=\"og:site_name\" content=\"Mei Packaging\" \/>\n<meta property=\"article:modified_time\" content=\"2025-01-21T09:04:55+00:00\" \/>\n<meta name=\"twitter:card\" content=\"summary_large_image\" \/>\n<script type=\"application\/ld+json\" class=\"yoast-schema-graph\">{\"@context\":\"https:\/\/schema.org\",\"@graph\":[{\"@type\":\"WebPage\",\"@id\":\"https:\/\/meipackaging.com\/soap-packaging-box\/\",\"url\":\"https:\/\/meipackaging.com\/soap-packaging-box\/\",\"name\":\"Soap Paper Packaging Box Supplier and Manufacturer in China\",\"isPartOf\":{\"@id\":\"https:\/\/meipackaging.com\/#website\"},\"datePublished\":\"2024-01-05T02:06:50+00:00\",\"dateModified\":\"2025-01-21T09:04:55+00:00\",\"description\":\"Meipak manufactures soap box packaging like Rigid Boxes, Tubes, Corrugated Box, Paperboard Boxes, Delivery Cartons, Zipper Shipping Cartons.\",\"breadcrumb\":{\"@id\":\"https:\/\/meipackaging.com\/soap-packaging-box\/#breadcrumb\"},\"inLanguage\":\"fr-FR\",\"potentialAction\":[{\"@type\":\"ReadAction\",\"target\":[\"https:\/\/meipackaging.com\/soap-packaging-box\/\"]}]},{\"@type\":\"BreadcrumbList\",\"@id\":\"https:\/\/meipackaging.com\/soap-packaging-box\/#breadcrumb\",\"itemListElement\":[{\"@type\":\"ListItem\",\"position\":1,\"name\":\"Home\",\"item\":\"https:\/\/meipackaging.com\/\"},{\"@type\":\"ListItem\",\"position\":2,\"name\":\"Soap Packaging Box\"}]},{\"@type\":\"WebSite\",\"@id\":\"https:\/\/meipackaging.com\/#website\",\"url\":\"https:\/\/meipackaging.com\/\",\"name\":\"Mei Packaging\",\"description\":\"\",\"publisher\":{\"@id\":\"https:\/\/meipackaging.com\/#organization\"},\"potentialAction\":[{\"@type\":\"SearchAction\",\"target\":{\"@type\":\"EntryPoint\",\"urlTemplate\":\"https:\/\/meipackaging.com\/?s={search_term_string}\"},\"query-input\":{\"@type\":\"PropertyValueSpecification\",\"valueRequired\":true,\"valueName\":\"search_term_string\"}}],\"inLanguage\":\"fr-FR\"},{\"@type\":\"Organization\",\"@id\":\"https:\/\/meipackaging.com\/#organization\",\"name\":\"Mei Packaging\",\"url\":\"https:\/\/meipackaging.com\/\",\"logo\":{\"@type\":\"ImageObject\",\"inLanguage\":\"fr-FR\",\"@id\":\"https:\/\/meipackaging.com\/#\/schema\/logo\/image\/\",\"url\":\"https:\/\/meipackaging.com\/wp-content\/uploads\/2025\/02\/cropped-Mei-PACKAGING-logo.png\",\"contentUrl\":\"https:\/\/meipackaging.com\/wp-content\/uploads\/2025\/02\/cropped-Mei-PACKAGING-logo.png\",\"width\":1730,\"height\":642,\"caption\":\"Mei Packaging\"},\"image\":{\"@id\":\"https:\/\/meipackaging.com\/#\/schema\/logo\/image\/\"}}]}<\/script>\n<!-- \/ Yoast SEO plugin. -->","yoast_head_json":{"title":"Fournisseur et fabricant de bo\u00eetes d&#039;emballage en papier pour savon en Chine","description":"Meipak fabrique des emballages de bo\u00eetes \u00e0 savon tels que des bo\u00eetes rigides, des tubes, des bo\u00eetes en carton ondul\u00e9, des bo\u00eetes en carton, des cartons de livraison et des cartons d&#039;exp\u00e9dition \u00e0 fermeture \u00e9clair.","robots":{"index":"index","follow":"follow","max-snippet":"max-snippet:-1","max-image-preview":"max-image-preview:large","max-video-preview":"max-video-preview:-1"},"canonical":"https:\/\/meipackaging.com\/fr\/boite-demballage-de-savon\/","og_locale":"fr_FR","og_type":"article","og_title":"Soap Paper Packaging Box Supplier and Manufacturer in China","og_description":"Meipak manufactures soap box packaging like Rigid Boxes, Tubes, Corrugated Box, Paperboard Boxes, Delivery Cartons, Zipper Shipping Cartons.","og_url":"https:\/\/meipackaging.com\/fr\/boite-demballage-de-savon\/","og_site_name":"Mei Packaging","article_modified_time":"2025-01-21T09:04:55+00:00","twitter_card":"summary_large_image","schema":{"@context":"https:\/\/schema.org","@graph":[{"@type":"WebPage","@id":"https:\/\/meipackaging.com\/soap-packaging-box\/","url":"https:\/\/meipackaging.com\/soap-packaging-box\/","name":"Fournisseur et fabricant de bo\u00eetes d&#039;emballage en papier pour savon en Chine","isPartOf":{"@id":"https:\/\/meipackaging.com\/#website"},"datePublished":"2024-01-05T02:06:50+00:00","dateModified":"2025-01-21T09:04:55+00:00","description":"Meipak fabrique des emballages de bo\u00eetes \u00e0 savon tels que des bo\u00eetes rigides, des tubes, des bo\u00eetes en carton ondul\u00e9, des bo\u00eetes en carton, des cartons de livraison et des cartons d&#039;exp\u00e9dition \u00e0 fermeture \u00e9clair.","breadcrumb":{"@id":"https:\/\/meipackaging.com\/soap-packaging-box\/#breadcrumb"},"inLanguage":"fr-FR","potentialAction":[{"@type":"ReadAction","target":["https:\/\/meipackaging.com\/soap-packaging-box\/"]}]},{"@type":"BreadcrumbList","@id":"https:\/\/meipackaging.com\/soap-packaging-box\/#breadcrumb","itemListElement":[{"@type":"ListItem","position":1,"name":"Home","item":"https:\/\/meipackaging.com\/"},{"@type":"ListItem","position":2,"name":"Soap Packaging Box"}]},{"@type":"WebSite","@id":"https:\/\/meipackaging.com\/#website","url":"https:\/\/meipackaging.com\/","name":"Emballage Mei","description":"","publisher":{"@id":"https:\/\/meipackaging.com\/#organization"},"potentialAction":[{"@type":"SearchAction","target":{"@type":"EntryPoint","urlTemplate":"https:\/\/meipackaging.com\/?s={search_term_string}"},"query-input":{"@type":"PropertyValueSpecification","valueRequired":true,"valueName":"search_term_string"}}],"inLanguage":"fr-FR"},{"@type":"Organization","@id":"https:\/\/meipackaging.com\/#organization","name":"Emballage Mei","url":"https:\/\/meipackaging.com\/","logo":{"@type":"ImageObject","inLanguage":"fr-FR","@id":"https:\/\/meipackaging.com\/#\/schema\/logo\/image\/","url":"https:\/\/meipackaging.com\/wp-content\/uploads\/2025\/02\/cropped-Mei-PACKAGING-logo.png","contentUrl":"https:\/\/meipackaging.com\/wp-content\/uploads\/2025\/02\/cropped-Mei-PACKAGING-logo.png","width":1730,"height":642,"caption":"Mei Packaging"},"image":{"@id":"https:\/\/meipackaging.com\/#\/schema\/logo\/image\/"}}]}},"_links":{"self":[{"href":"https:\/\/meipackaging.com\/fr\/wp-json\/wp\/v2\/pages\/13465","targetHints":{"allow":["GET"]}}],"collection":[{"href":"https:\/\/meipackaging.com\/fr\/wp-json\/wp\/v2\/pages"}],"about":[{"href":"https:\/\/meipackaging.com\/fr\/wp-json\/wp\/v2\/types\/page"}],"author":[{"embeddable":true,"href":"https:\/\/meipackaging.com\/fr\/wp-json\/wp\/v2\/users\/1"}],"replies":[{"embeddable":true,"href":"https:\/\/meipackaging.com\/fr\/wp-json\/wp\/v2\/comments?post=13465"}],"version-history":[{"count":22,"href":"https:\/\/meipackaging.com\/fr\/wp-json\/wp\/v2\/pages\/13465\/revisions"}],"predecessor-version":[{"id":15999,"href":"https:\/\/meipackaging.com\/fr\/wp-json\/wp\/v2\/pages\/13465\/revisions\/15999"}],"wp:attachment":[{"href":"https:\/\/meipackaging.com\/fr\/wp-json\/wp\/v2\/media?parent=13465"}],"curies":[{"name":"wp","href":"https:\/\/api.w.org\/{rel}","templated":true}]}}